{"id":508,"date":"2020-05-13T19:53:33","date_gmt":"2020-05-13T17:53:33","guid":{"rendered":"http:\/\/suitessanpablo.com\/?page_id=508"},"modified":"2021-05-20T16:41:49","modified_gmt":"2021-05-20T14:41:49","slug":"atico-giralda","status":"publish","type":"page","link":"https:\/\/suitessanpablo.com\/index.php\/atico-giralda\/","title":{"rendered":"\u00c1tico Giralda"},"content":{"rendered":"\n<div class=\"wp-block-nextend-smartslider3\"><\/div>\n\n\n\n<figure class=\"wp-block-table\"><table><tbody><tr><td><strong>65 m\u00b2<\/strong><\/td><td>4 hu\u00e9spedes<\/td><td>2 dormitorio<\/td><td>2 cama<\/td><td>1 ba\u00f1o<\/td><\/tr><\/tbody><\/table><\/figure>\n\n\n\n<div class=\"wp-block-group\"><div class=\"wp-block-group__inner-container\">\n<p><strong>Alojamiento entero<\/strong> Dispondr\u00e1s de toda la vivienda (loft) para ti. <\/p>\n\n\n\n<p><strong>Piscina<\/strong> Este es uno de los pocos lugares de la zona que cuenta con este servicio. <\/p>\n\n\n\n<p><strong>Buena comunicaci\u00f3n<\/strong> Un 100\u00a0% de los hu\u00e9spedes m\u00e1s recientes ha valorado a Tratega con 5 estrellas en comunicaci\u00f3n. <\/p>\n<\/div><\/div>\n\n\n\n<p class=\"has-medium-font-size\"><strong>Instalaciones del apartamento<\/strong><\/p>\n\n\n\n<div class=\"wp-block-columns\">\n<div class=\"wp-block-column\">\n<ul><li>Acceso a pisos superiores en ascensor<\/li><li>Armario<\/li><li>Apartamento privado en edificio<\/li><li>Aire acondicionado<\/li><li>Caja fuerte<\/li><li>Suelo de madera o parquet<\/li><li>Insonorizaci\u00f3n<\/li><li>Entrada privada<\/li><li>Plancha para ropa<\/li><li>Calefacci\u00f3n<\/li><li>Cocina<\/li><li>Lavadora<\/li><li>Nevera<\/li><li>Cafetera<\/li><li>Microondas<\/li><li>Control de acceso autom\u00e1tico mediante teclado n\u00famerico<\/li><\/ul>\n\n\n\n<p><\/p>\n<\/div>\n\n\n\n<div class=\"wp-block-column\">\n<ul><li>&nbsp;Utensilios de cocina<\/li><li>&nbsp;Zona de cocina<\/li><li>&nbsp;Hervidor el\u00e9ctrico<\/li><li>&nbsp;Tostadora<\/li><li>&nbsp;Sof\u00e1<\/li><li>&nbsp;Zona de estar<\/li><li>&nbsp;TV<\/li><li>&nbsp;TV de pantalla plana<\/li><li>&nbsp;Balc\u00f3n<\/li><li>&nbsp;Terraza<\/li><li>&nbsp;Patio<\/li><li>&nbsp;Enchufe cerca de la cama<\/li><li>&nbsp;Perchero<\/li><li>&nbsp;Tendedero<\/li><li>&nbsp;Sof\u00e1 cama<\/li><\/ul>\n<\/div>\n<\/div>\n\n\n\n<p class=\"has-medium-font-size\"><strong>En el ba\u00f1o privado<\/strong><\/p>\n\n\n\n<div class=\"wp-block-columns\">\n<div class=\"wp-block-column\">\n<ul><li>Art\u00edculos de aseo gratis<\/li><li>Aseo<\/li><li>Ba\u00f1era o ducha<\/li><li>Toallas<\/li><\/ul>\n<\/div>\n\n\n\n<div class=\"wp-block-column\">\n<ul><li><span style=\"font-size: 1rem;\">Secador de pelo<\/span><\/li><li>Aseo adicional<\/li><li>Papel higi\u00e9nico<\/li><\/ul>\n<\/div>\n<\/div>\n\n\n\n<p class=\"has-medium-font-size\"><strong>Vista a<\/strong><\/p>\n\n\n\n<ul><li>Vistas a la ciudad<\/li><\/ul>\n\n\n\n<p class=\"has-medium-font-size\"><strong>Normas<\/strong><\/p>\n\n\n\n<div class=\"wp-block-columns\">\n<div class=\"wp-block-column\">\n<ul><li>Prohibido fumar<\/li><li>No se admiten fiestas o eventos<\/li><\/ul>\n<\/div>\n\n\n\n<div class=\"wp-block-column\">\n<ul><li>No se admiten mascotas<\/li><\/ul>\n<\/div>\n<\/div>\n\n\n\n<p class=\"has-medium-font-size\"><strong>Otras cosas que debes tener en cuenta<\/strong><\/p>\n\n\n\n<ul><li>No se puede aparcar en el alojamiento &#8211; Se puede aparcar en vaios parking publicos a unos 3 minutos, asi como en la zona mediante pago por horario.<\/li><li>Fianza: si se producen da\u00f1os en el alojamiento, podr\u00edamos cobrarte hasta 100\u20ac<\/li><li>Hay dispositivos de vigilancia o grabaci\u00f3n en la propiedad &#8211; Sistema de videovigilancia en las zonas de paso y entrada.<\/li><\/ul>\n\n\n\n<p class=\"has-medium-font-size\"><strong>Servicios<\/strong><\/p>\n\n\n\n<figure class=\"wp-block-gallery columns-1 is-cropped\"><ul class=\"blocks-gallery-grid\"><li class=\"blocks-gallery-item\"><figure><img loading=\"lazy\" width=\"1024\" height=\"632\" src=\"http:\/\/suitessanpablo.com\/wp-content\/uploads\/2020\/04\/servicios-1024x632.png\" alt=\"\" data-id=\"294\" data-full-url=\"http:\/\/suitessanpablo.com\/wp-content\/uploads\/2020\/04\/servicios.png\" data-link=\"http:\/\/suitessanpablo.com\/index.php\/arenal\/servicios\/\" class=\"wp-image-294\" srcset=\"https:\/\/suitessanpablo.com\/wp-content\/uploads\/2020\/04\/servicios-1024x632.png 1024w, https:\/\/suitessanpablo.com\/wp-content\/uploads\/2020\/04\/servicios-300x185.png 300w, https:\/\/suitessanpablo.com\/wp-content\/uploads\/2020\/04\/servicios-768x474.png 768w, https:\/\/suitessanpablo.com\/wp-content\/uploads\/2020\/04\/servicios-908x560.png 908w, https:\/\/suitessanpablo.com\/wp-content\/uploads\/2020\/04\/servicios.png 1256w\" sizes=\"(max-width: 1024px) 100vw, 1024px\" \/><\/figure><\/li><\/ul><\/figure>\n\n\n\n<p class=\"has-medium-font-size\"><strong>L\u00e9eme<\/strong><\/p>\n\n\n\n<figure class=\"wp-block-image size-large\"><img loading=\"lazy\" width=\"800\" height=\"915\" src=\"http:\/\/suitessanpablo.com\/wp-content\/uploads\/2020\/04\/leeme-2.png\" alt=\"\" class=\"wp-image-320\" srcset=\"https:\/\/suitessanpablo.com\/wp-content\/uploads\/2020\/04\/leeme-2.png 800w, https:\/\/suitessanpablo.com\/wp-content\/uploads\/2020\/04\/leeme-2-262x300.png 262w, https:\/\/suitessanpablo.com\/wp-content\/uploads\/2020\/04\/leeme-2-768x878.png 768w, https:\/\/suitessanpablo.com\/wp-content\/uploads\/2020\/04\/leeme-2-490x560.png 490w\" sizes=\"(max-width: 800px) 100vw, 800px\" \/><\/figure>\n\n\n\n<div class=\"wp-block-button\"><a class=\"wp-block-button__link\" href=\"https:\/\/www.booking.com\/hotel\/es\/san-pablo-35-apartments.es.html#room_615669505\" target=\"_blank\" rel=\"noreferrer noopener\">rEALIZAR RESERVA \u00abBOOKING\u00bb<\/a><\/div>\n\n\n\n<p><\/p>\n","protected":false},"excerpt":{"rendered":"<p>65 m\u00b2 4 hu\u00e9spedes 2 dormitorio 2 cama 1 ba\u00f1o Instalaciones del apartamento Acceso a pisos superiores en ascensor Armario Apartamento privado en edificio Aire acondicionado Caja fuerte Suelo de madera o parquet Insonorizaci\u00f3n Entrada privada Plancha para ropa Calefacci\u00f3n Cocina Lavadora Nevera Cafetera Microondas Control de acceso autom\u00e1tico mediante teclado n\u00famerico &nbsp;Utensilios de cocina &hellip; <a href=\"https:\/\/suitessanpablo.com\/index.php\/atico-giralda\/\" class=\"more-link\">Continue reading<span class=\"screen-reader-text\"> \u00ab\u00c1tico Giralda\u00bb<\/span><\/a><\/p>\n","protected":false},"author":1,"featured_media":504,"parent":0,"menu_order":0,"comment_status":"closed","ping_status":"closed","template":"template-full-width-grid-page.php","meta":[],"_links":{"self":[{"href":"https:\/\/suitessanpablo.com\/index.php\/wp-json\/wp\/v2\/pages\/508"}],"collection":[{"href":"https:\/\/suitessanpablo.com\/index.php\/wp-json\/wp\/v2\/pages"}],"about":[{"href":"https:\/\/suitessanpablo.com\/index.php\/wp-json\/wp\/v2\/types\/page"}],"author":[{"embeddable":true,"href":"https:\/\/suitessanpablo.com\/index.php\/wp-json\/wp\/v2\/users\/1"}],"replies":[{"embeddable":true,"href":"https:\/\/suitessanpablo.com\/index.php\/wp-json\/wp\/v2\/comments?post=508"}],"version-history":[{"count":2,"href":"https:\/\/suitessanpablo.com\/index.php\/wp-json\/wp\/v2\/pages\/508\/revisions"}],"predecessor-version":[{"id":533,"href":"https:\/\/suitessanpablo.com\/index.php\/wp-json\/wp\/v2\/pages\/508\/revisions\/533"}],"wp:featuredmedia":[{"embeddable":true,"href":"https:\/\/suitessanpablo.com\/index.php\/wp-json\/wp\/v2\/media\/504"}],"wp:attachment":[{"href":"https:\/\/suitessanpablo.com\/index.php\/wp-json\/wp\/v2\/media?parent=508"}],"curies":[{"name":"wp","href":"https:\/\/api.w.org\/{rel}","templated":true}]}}